{"id":34634,"date":"2025-03-03T23:50:06","date_gmt":"2025-03-03T20:50:06","guid":{"rendered":"https:\/\/house-of-hunny.com\/product\/raw-oak-honey-500g-pure-unfiltered-and-natural\/"},"modified":"2025-11-18T09:24:38","modified_gmt":"2025-11-18T06:24:38","slug":"ham-mese-bali-saf-suzulmemis-ve-dogal-500g","status":"publish","type":"product","link":"https:\/\/house-of-hunny.com\/tr\/urun\/ham-mese-bali-saf-suzulmemis-ve-dogal-500g\/","title":{"rendered":"Ham Me\u015fe Bal\u0131 \u2013 Saf, S\u00fcz\u00fclmemi\u015f ve Do\u011fal 500g"},"content":{"rendered":"<p><b>Temel \u00d6zellikler:<\/b><\/p>\n<ul>\n<li><b>%100 ham ve i\u015flenmemi\u015f<\/b><\/li>\n<li><span style=\"font-weight: 400;\">Zengin, <\/span><b>derin aromal\u0131<\/b><span style=\"font-weight: 400;\">, <\/span><b>topraks\u0131 tat notalar\u0131yla<\/b><span style=\"font-weight: 400;\"> dolu<\/span><\/li>\n<li><span style=\"font-weight: 400;\">Do\u011fal <\/span><b>antioksidanlar<\/b><span style=\"font-weight: 400;\">, <\/span><b>vitaminler<\/b><span style=\"font-weight: 400;\"> ve <\/span><b>mineraller<\/b><span style=\"font-weight: 400;\"> a\u00e7\u0131s\u0131ndan zengin<\/span><\/li>\n<li><b>S\u00fcrd\u00fcr\u00fclebilir<\/b><span style=\"font-weight: 400;\"> ve <\/span><b>\u00e7evre<\/b> <b>dostu<\/b> <b>ar\u0131c\u0131l\u0131k<\/b> <b>uygulamalar\u0131ndan<\/b><span style=\"font-weight: 400;\"> elde edilmi\u015f<\/span><\/li>\n<li><b>Do\u011fal<\/b> <b>tatland\u0131r\u0131c\u0131<\/b><span style=\"font-weight: 400;\"> olarak kullan\u0131ma uygun<\/span><\/li>\n<li><span style=\"font-weight: 400;\">Her kavanozda <\/span><b>500<\/b> <b>graml\u0131k<\/b> <b>saf<\/b><span style=\"font-weight: 400;\">, <\/span><b>s\u00fcz\u00fclmemi\u015f<\/b><span style=\"font-weight: 400;\"> do\u011fall\u0131k<\/span><\/li>\n<\/ul>\n<p><span style=\"font-weight: 400;\">Do\u011fan\u0131n en k\u0131ymetli arma\u011fanlar\u0131ndan biri olan <\/span><b>Ham Me\u015fe <\/b><span style=\"font-weight: 400;\">Bal\u0131m\u0131z ile <\/span><b>saf lezzetin<\/b><span style=\"font-weight: 400;\"> tad\u0131n\u0131 \u00e7\u0131kar\u0131n. <\/span><b>Kendine has<\/b><span style=\"font-weight: 400;\"> aromas\u0131yla \u00f6ne \u00e7\u0131kan bu <\/span><b>\u00f6zel<\/b><span style=\"font-weight: 400;\"> bal, <\/span><b>y\u00fcksek kaliteli el i\u015f\u00e7ili\u011fiyle \u00fcretilmi\u015f <\/b><span style=\"font-weight: 400;\">olup<\/span><b>, do\u011fal \u00fcr\u00fcnleri sevenler<\/b><span style=\"font-weight: 400;\"> i\u00e7in idealdir.<\/span><\/p>\n<p><b>Kullan\u0131m \u00d6nerileri:<\/b><\/p>\n<ul>\n<li><span style=\"font-weight: 400;\"> Sevdi\u011finiz i\u00e7ecekleri <\/span><b>tatland\u0131rmak<\/b><span style=\"font-weight: 400;\"> i\u00e7in<\/span><\/li>\n<li><b>Yemek<\/b> <b>tariflerinde<\/b><span style=\"font-weight: 400;\"> yarat\u0131c\u0131 dokunu\u015flar i\u00e7in<\/span><\/li>\n<li><b>Ba\u011f\u0131\u015f\u0131kl\u0131\u011f\u0131<\/b><span style=\"font-weight: 400;\"> do\u011fal yollarla <\/span><b>desteklemek<\/b><span style=\"font-weight: 400;\"> i\u00e7in<\/span><\/li>\n<li><b>Bal tutkunlar\u0131na<\/b><span style=\"font-weight: 400;\"> ya da <\/span><b>\u00e7evre dostu bir hediye arayanlara<\/b><span style=\"font-weight: 400;\"> \u00f6zel <\/span><b>arma\u011fan<\/b><span style=\"font-weight: 400;\"> olarak<\/span><\/li>\n<\/ul>\n<p><b>Saklama Tavsiyesi:<\/b><span style=\"font-weight: 400;\"><br \/>\n<\/span><span style=\"font-weight: 400;\">Lezzetini ve dokusunu korumas\u0131 i\u00e7in <\/span><b>serin, kuru<\/b><span style=\"font-weight: 400;\"> ve <\/span><b>do\u011frudan g\u00fcne\u015f \u0131\u015f\u0131\u011f\u0131ndan uzak<\/b><span style=\"font-weight: 400;\"> bir yerde muhafaza ediniz.<\/span><\/p>\n<p><b>Uyar\u0131:<\/b><span style=\"font-weight: 400;\"><br \/>\n<\/span><b>1 ya\u015f\u0131ndan<\/b><span style=\"font-weight: 400;\"> k\u00fc\u00e7\u00fck bebeklere bal <\/span><b>yedirilmemelidir.<\/b><\/p>\n","protected":false},"excerpt":{"rendered":"<p><strong><span style=\"color: #e9dfd9;\">Hasat Koleksiyonu &#8211; \u00d6zenle Haz\u0131rlanm\u0131\u015f, \u00d6zel ve S\u0131n\u0131rl\u0131 Seri\u00a0<\/span><\/strong><\/p>\n<p><b>41.5 d\u00f6n\u00fcml\u00fck \u00e7iftli\u011fimizin<\/b> <b>etraf\u0131n\u0131 saran<\/b><span style=\"font-weight: 400;\"> bakir <\/span><b>me\u015fe ormanlar\u0131ndan<\/b><span style=\"font-weight: 400;\"> \u00f6zenle hasat edilmi\u015f <\/span><b>bal\u0131m\u0131z,<\/b><span style=\"font-weight: 400;\"> do\u011fan\u0131n zenginli\u011fini sofran\u0131za ta\u015f\u0131maktad\u0131r. <\/span><b>Derin kehribar rengi<\/b><span style=\"font-weight: 400;\"> ve <\/span><b>yo\u011fun g\u00f6vdeli tad\u0131yla Ham Me\u015fe Bal\u0131m\u0131z,<\/b><span style=\"font-weight: 400;\"> me\u015fe \u00e7i\u00e7eklerinin nektar\u0131ndan beslenen ar\u0131lar\u0131m\u0131z sayesinde kendine \u00f6zg\u00fc<\/span><b> toprak tonlar\u0131na <\/b><span style=\"font-weight: 400;\">sahiptir. \u0130lk tad\u0131mda <\/span><b>me\u015fenin g\u00fc\u00e7l\u00fc karakterini<\/b><span style=\"font-weight: 400;\">, ard\u0131ndan <\/span><b>lavantan\u0131n zarif dokunu\u015funu <\/b><span style=\"font-weight: 400;\">ve<\/span><b> yabani otlar\u0131n aromatik izlerini<\/b><span style=\"font-weight: 400;\"> hissedeceksiniz.<\/span><\/p>\n<p><b>%100 saf, s\u00fcz\u00fclmemi\u015f <\/b><span style=\"font-weight: 400;\">ve<\/span><b> katk\u0131s\u0131z olan<\/b><span style=\"font-weight: 400;\"> bal\u0131m\u0131z; <\/span><b>do\u011fal enzimler, antioksidanlar<\/b><span style=\"font-weight: 400;\"> ve bal\u0131 ger\u00e7ek bir <\/span><b>s\u00fcper g\u0131da<\/b><span style=\"font-weight: 400;\"> yapan <\/span><b>t\u00fcm faydal\u0131 bile\u015fenlerle<\/b><span style=\"font-weight: 400;\"> doludur. S\u0131cak bir yulaf k\u00e2sesinin \u00fczerinde, demli bir bitki \u00e7ay\u0131n\u0131n i\u00e7inde ya da do\u011frudan ka\u015f\u0131kla\u2026 <\/span><b>Ham Me\u015fe Bal\u0131m\u0131z\u0131n <\/b><span style=\"font-weight: 400;\">g\u00fcnl\u00fck iyilik rit\u00fcelinize<\/span><b> \u015fifal\u0131 <\/b><span style=\"font-weight: 400;\">ve<\/span><b> tatl\u0131 bir dokunu\u015f <\/b><span style=\"font-weight: 400;\">katmas\u0131n\u0131<\/span> <span style=\"font-weight: 400;\">diliyoruz.<\/span><\/p>\n","protected":false},"featured_media":34183,"template":"","meta":[],"product_brand":[],"product_cat":[114],"product_tag":[],"class_list":{"0":"post-34634","1":"product","2":"type-product","3":"status-publish","4":"has-post-thumbnail","6":"product_cat-uncategorized-tr","8":"first","9":"instock","10":"shipping-taxable","11":"purchasable","12":"product-type-simple"},"_links":{"self":[{"href":"https:\/\/house-of-hunny.com\/tr\/wp-json\/wp\/v2\/product\/34634","targetHints":{"allow":["GET"]}}],"collection":[{"href":"https:\/\/house-of-hunny.com\/tr\/wp-json\/wp\/v2\/product"}],"about":[{"href":"https:\/\/house-of-hunny.com\/tr\/wp-json\/wp\/v2\/types\/product"}],"wp:featuredmedia":[{"embeddable":true,"href":"https:\/\/house-of-hunny.com\/tr\/wp-json\/wp\/v2\/media\/34183"}],"wp:attachment":[{"href":"https:\/\/house-of-hunny.com\/tr\/wp-json\/wp\/v2\/media?parent=34634"}],"wp:term":[{"taxonomy":"product_brand","embeddable":true,"href":"https:\/\/house-of-hunny.com\/tr\/wp-json\/wp\/v2\/product_brand?post=34634"},{"taxonomy":"product_cat","embeddable":true,"href":"https:\/\/house-of-hunny.com\/tr\/wp-json\/wp\/v2\/product_cat?post=34634"},{"taxonomy":"product_tag","embeddable":true,"href":"https:\/\/house-of-hunny.com\/tr\/wp-json\/wp\/v2\/product_tag?post=34634"}],"curies":[{"name":"wp","href":"https:\/\/api.w.org\/{rel}","templated":true}]}}