{"id":35360,"date":"2025-05-23T16:58:23","date_gmt":"2025-05-23T13:58:23","guid":{"rendered":"https:\/\/house-of-hunny.com\/payment-and-shipping-information\/"},"modified":"2025-06-21T17:43:43","modified_gmt":"2025-06-21T14:43:43","slug":"odeme-ve-teslimat-bilgileri","status":"publish","type":"page","link":"https:\/\/house-of-hunny.com\/tr\/odeme-ve-teslimat-bilgileri\/","title":{"rendered":"\u00d6deme ve Teslimat Bilgileri"},"content":{"rendered":"<h2 data-start=\"67\" data-end=\"91\"><strong data-start=\"70\" data-end=\"91\">\u00d6deme Se\u00e7enekleri<\/strong><\/h2>\n<p data-start=\"93\" data-end=\"171\">Sipari\u015flerinizi a\u015fa\u011f\u0131daki y\u00f6ntemlerle g\u00fcvenli bir \u015fekilde tamamlayabilirsiniz:<\/p>\n<h3 data-start=\"173\" data-end=\"207\">Kredi Kart\u0131 ile Online \u00d6deme<\/h3>\n<p data-start=\"208\" data-end=\"431\">T\u00fcm b\u00fcy\u00fck kredi kartlar\u0131yla \u00f6deme kabul edilmektedir.<br data-start=\"261\" data-end=\"264\" \/>Sipari\u015finiz tamamland\u0131\u011f\u0131nda kart\u0131n\u0131zdan otomatik olarak \u00f6deme al\u0131n\u0131r.<br data-start=\"333\" data-end=\"336\" \/>Sipari\u015f iptali veya stok problemi durumunda, \u00fccretiniz 10 g\u00fcn i\u00e7erisinde kart\u0131n\u0131za iade edilir.<\/p>\n<h3 data-start=\"433\" data-end=\"459\">Banka Havalesi \/ EFT<\/h3>\n<p data-start=\"460\" data-end=\"671\">Garanti Bankas\u0131\u2019ndaki TL, USD, EUR veya GBP hesaplar\u0131m\u0131za \u00f6deme yapabilirsiniz.<br data-start=\"539\" data-end=\"542\" \/>Havale veya EFT ile \u00f6deme yapmak istiyorsan\u0131z, l\u00fctfen \u00f6ncesinde <strong data-start=\"606\" data-end=\"633\"><a class=\"cursor-pointer\" rel=\"noopener\" data-start=\"608\" data-end=\"631\">info@house-of-hunny.com<\/a><\/strong> adresinden bizimle ileti\u015fime ge\u00e7iniz.<\/p>\n<hr data-start=\"673\" data-end=\"676\" \/>\n<h2 data-start=\"678\" data-end=\"706\"><strong data-start=\"681\" data-end=\"706\">Sipari\u015f \u0130ptali &amp; \u0130ade<\/strong><\/h2>\n<p data-start=\"708\" data-end=\"923\">G\u0131da \u00fcr\u00fcnlerinde cayma hakk\u0131 kullan\u0131lamaz. Bal kategorisindeki \u00fcr\u00fcnlerimiz bozulabilen, son kullanma veya tavsiye edilen t\u00fcketim tarihi ge\u00e7ebilecek mal niteli\u011finde oldu\u011fundan, al\u0131c\u0131n\u0131n cayma hakk\u0131 bulunmamaktad\u0131r.<\/p>\n<p data-start=\"925\" data-end=\"1164\">Sipari\u015fin iptal edilmesi gereken bir durum olu\u015fursa (\u00f6rne\u011fin: hava muhalefeti, yang\u0131n vb. ola\u011fan\u00fcst\u00fc durumlar),<br data-start=\"1036\" data-end=\"1039\" \/><strong data-start=\"1039\" data-end=\"1099\">House of Hunny (Hunny G\u0131da Tar\u0131m \u00dcretim ve Ticaret A.\u015e.)<\/strong> \u00fcr\u00fcn bedelini 10 g\u00fcn i\u00e7inde hesab\u0131n\u0131za veya kart\u0131n\u0131za iade eder.<\/p>\n<p data-start=\"1166\" data-end=\"1256\">Sorular\u0131n\u0131z i\u00e7in bizimle her zaman ileti\u015fime ge\u00e7ebilirsiniz:<br data-start=\"1226\" data-end=\"1229\" \/><strong data-start=\"1229\" data-end=\"1256\"><a class=\"cursor-pointer\" rel=\"noopener\" data-start=\"1231\" data-end=\"1254\">info@house-of-hunny.com<\/a><\/strong><\/p>\n<hr data-start=\"1258\" data-end=\"1261\" \/>\n<h2 data-start=\"1263\" data-end=\"1285\"><strong data-start=\"1266\" data-end=\"1285\">Teslimat S\u00fcreci<\/strong><\/h2>\n<p data-start=\"1287\" data-end=\"1346\">T\u00fcrkiye i\u00e7i sipari\u015flerde <strong data-start=\"1312\" data-end=\"1329\">Yurti\u00e7i Kargo<\/strong> ile \u00e7al\u0131\u015f\u0131yoruz.<\/p>\n<ul data-start=\"1348\" data-end=\"1728\">\n<li data-start=\"1348\" data-end=\"1488\">\n<p data-start=\"1350\" data-end=\"1488\">Teslimat s\u00fcresi, bulundu\u011funuz lokasyona g\u00f6re <strong data-start=\"1395\" data-end=\"1414\">2 ila 8 i\u015f g\u00fcn\u00fc<\/strong> aras\u0131nda de\u011fi\u015fiklik g\u00f6sterebilir ve baz\u0131 durumlarda bu s\u00fcreyi a\u015fabilir.<\/p>\n<\/li>\n<li data-start=\"1489\" data-end=\"1676\">\n<p data-start=\"1491\" data-end=\"1676\">\u00dcr\u00fcnlerimiz, <strong data-start=\"1504\" data-end=\"1559\">Derbent K\u00f6y\u00fc\u2019nden haftada bir kez, \u00c7ar\u015famba g\u00fcnleri<\/strong> kargoya verilir.<br data-start=\"1576\" data-end=\"1579\" \/>(\u00d6rnek: Per\u015fembe g\u00fcn\u00fc verilen bir sipari\u015f, genellikle sonraki \u00c7ar\u015famba g\u00fcn\u00fc kargoya verilir.)<\/p>\n<\/li>\n<li data-start=\"1677\" data-end=\"1728\">\n<p data-start=\"1679\" data-end=\"1728\">Olas\u0131 gecikmelerde taraf\u0131n\u0131za bilgi verilecektir.<\/p>\n<\/li>\n<\/ul>\n<p data-start=\"1730\" data-end=\"1835\"><strong data-start=\"1730\" data-end=\"1763\">Yurt d\u0131\u015f\u0131 sipari\u015fleriniz i\u00e7in<\/strong> l\u00fctfen bizimle <strong data-start=\"1779\" data-end=\"1806\"><a class=\"cursor-pointer\" rel=\"noopener\" data-start=\"1781\" data-end=\"1804\">info@house-of-hunny.com<\/a><\/strong> \u00fczerinden ileti\u015fime ge\u00e7iniz.<\/p>\n<hr data-start=\"1837\" data-end=\"1840\" \/>\n<h2 data-start=\"1842\" data-end=\"1872\"><strong data-start=\"1845\" data-end=\"1872\">\u00d6deme Takibi &amp; \u0130leti\u015fim<\/strong><\/h2>\n<p data-start=\"1874\" data-end=\"1980\">\u00d6deme s\u0131ras\u0131nda bir sorunla kar\u015f\u0131la\u015f\u0131rsan\u0131z, l\u00fctfen bizimle ileti\u015fime ge\u00e7in:<br data-start=\"1950\" data-end=\"1953\" \/><strong data-start=\"1953\" data-end=\"1980\"><a class=\"cursor-pointer\" rel=\"noopener\" data-start=\"1955\" data-end=\"1978\">info@house-of-hunny.com<\/a><\/strong><\/p>\n<p data-start=\"1982\" data-end=\"2059\">Sipari\u015f verdikten sonra, sa\u011flad\u0131\u011f\u0131n\u0131z e-posta adresine onay maili g\u00f6nderilir.<\/p>\n<ul data-start=\"2061\" data-end=\"2154\">\n<li data-start=\"2061\" data-end=\"2154\">\n<p data-start=\"2063\" data-end=\"2154\">Adres kaynakl\u0131 bir teslimat sorunu ya\u015fanmas\u0131 durumunda, sizinle do\u011frudan ileti\u015fime ge\u00e7ilir.<\/p>\n<\/li>\n<\/ul>\n<hr data-start=\"2156\" data-end=\"2159\" \/>\n<h2 data-start=\"2161\" data-end=\"2188\"><strong data-start=\"2164\" data-end=\"2188\">Kargo Hasar Kontrol\u00fc<\/strong><\/h2>\n<p data-start=\"2190\" data-end=\"2284\">Sipari\u015finizi teslim al\u0131rken l\u00fctfen paketinizi kargo g\u00f6revlisinin \u00f6n\u00fcnde a\u00e7arak kontrol ediniz.<\/p>\n<p data-start=\"2286\" data-end=\"2413\">E\u011fer bir hasar fark ederseniz, <strong data-start=\"2317\" data-end=\"2362\">kargo g\u00f6revlisinden hasar tespit tutana\u011f\u0131<\/strong> d\u00fczenlemesini isteyiniz ve \u00fcr\u00fcn\u00fc teslim almay\u0131n\u0131z.<\/p>\n<ul data-start=\"2415\" data-end=\"2500\">\n<li data-start=\"2415\" data-end=\"2500\">\n<p data-start=\"2417\" data-end=\"2500\">\u00dcr\u00fcn teslim al\u0131nd\u0131ktan sonra, ta\u015f\u0131y\u0131c\u0131 firma sorumlulu\u011funu yerine getirmi\u015f say\u0131l\u0131r.<\/p>\n<\/li>\n<\/ul>\n<p data-start=\"2502\" data-end=\"2586\">Haz\u0131rlanan tutana\u011f\u0131 en k\u0131sa s\u00fcrede bizimle payla\u015f\u0131n\u0131z:<br data-start=\"2556\" data-end=\"2559\" \/><strong data-start=\"2559\" data-end=\"2586\"><a class=\"cursor-pointer\" rel=\"noopener\" data-start=\"2561\" data-end=\"2584\">info@house-of-hunny.com<\/a><\/strong><\/p>\n<p data-start=\"2588\" data-end=\"2654\">Durumu h\u0131zla inceleyip yeni bir g\u00f6nderim yap\u0131lmas\u0131n\u0131 sa\u011flayaca\u011f\u0131z.<\/p>\n","protected":false},"excerpt":{"rendered":"<p>\u00d6deme Se\u00e7enekleri Sipari\u015flerinizi a\u015fa\u011f\u0131daki y\u00f6ntemlerle g\u00fcvenli bir \u015fekilde tamamlayabilirsiniz: Kredi Kart\u0131 ile Online \u00d6deme T\u00fcm b\u00fcy\u00fck kredi kartlar\u0131yla \u00f6deme kabul<\/p>\n","protected":false},"author":1,"featured_media":0,"parent":0,"menu_order":7,"comment_status":"closed","ping_status":"closed","template":"","meta":{"footnotes":""},"class_list":["post-35360","page","type-page","status-publish","hentry"],"_links":{"self":[{"href":"https:\/\/house-of-hunny.com\/tr\/wp-json\/wp\/v2\/pages\/35360","targetHints":{"allow":["GET"]}}],"collection":[{"href":"https:\/\/house-of-hunny.com\/tr\/wp-json\/wp\/v2\/pages"}],"about":[{"href":"https:\/\/house-of-hunny.com\/tr\/wp-json\/wp\/v2\/types\/page"}],"author":[{"embeddable":true,"href":"https:\/\/house-of-hunny.com\/tr\/wp-json\/wp\/v2\/users\/1"}],"replies":[{"embeddable":true,"href":"https:\/\/house-of-hunny.com\/tr\/wp-json\/wp\/v2\/comments?post=35360"}],"version-history":[{"count":6,"href":"https:\/\/house-of-hunny.com\/tr\/wp-json\/wp\/v2\/pages\/35360\/revisions"}],"predecessor-version":[{"id":35443,"href":"https:\/\/house-of-hunny.com\/tr\/wp-json\/wp\/v2\/pages\/35360\/revisions\/35443"}],"wp:attachment":[{"href":"https:\/\/house-of-hunny.com\/tr\/wp-json\/wp\/v2\/media?parent=35360"}],"curies":[{"name":"wp","href":"https:\/\/api.w.org\/{rel}","templated":true}]}}