{"id":35353,"date":"2025-05-23T17:01:24","date_gmt":"2025-05-23T14:01:24","guid":{"rendered":"https:\/\/house-of-hunny.com\/kvkk\/"},"modified":"2025-06-21T17:43:42","modified_gmt":"2025-06-21T14:43:42","slug":"kvkk","status":"publish","type":"page","link":"https:\/\/house-of-hunny.com\/tr\/kvkk\/","title":{"rendered":"KVKK"},"content":{"rendered":"<h2 data-start=\"212\" data-end=\"243\">\u00dcr\u00fcn veya Hizmet Alan Ki\u015fi<\/h2>\n<h2 data-start=\"244\" data-end=\"300\">Ki\u015fisel Verilerin \u0130\u015flenmesi A\u00e7\u0131k R\u0131za Metni ve Beyan\u0131<\/h2>\n<p data-start=\"302\" data-end=\"528\">6698 say\u0131l\u0131 Ki\u015fisel Verilerin Korunmas\u0131 Kanunu&#8217;na g\u00f6re sizinle ilgili baz\u0131 ki\u015fisel verilerin, veri sorumlusu olan Hunny G\u0131da Tar\u0131m \u00dcretim ve Ticaret A.\u015e. (\u201cHunny G\u0131da\u201d) taraf\u0131ndan i\u015flenebilmesi i\u00e7in a\u00e7\u0131k r\u0131zan\u0131z gerekmektedir.<\/p>\n<h2 data-start=\"530\" data-end=\"606\">A\u00e7\u0131k R\u0131zan\u0131za \u0130stinaden \u0130\u015flenecek Ki\u015fisel Verileriniz ve \u0130\u015flenme Ama\u00e7lar\u0131<\/h2>\n<p data-start=\"608\" data-end=\"696\">KVKK Md.9\/1&#8217;e istinaden yurt d\u0131\u015f\u0131na aktar\u0131labilecek ki\u015fisel veriler ve i\u015flenme ama\u00e7lar\u0131;<\/p>\n<ul data-start=\"698\" data-end=\"832\">\n<li data-start=\"698\" data-end=\"759\">\n<p data-start=\"700\" data-end=\"759\">Mal \/ hizmet sat\u0131\u015f s\u00fcre\u00e7lerinin y\u00fcr\u00fct\u00fclmesi amac\u0131yla veya<\/p>\n<\/li>\n<li data-start=\"760\" data-end=\"832\">\n<p data-start=\"762\" data-end=\"832\">Mal \/ hizmet sat\u0131\u015f sonras\u0131 destek hizmetlerinin y\u00fcr\u00fct\u00fclmesi amac\u0131yla<\/p>\n<\/li>\n<\/ul>\n<p data-start=\"834\" data-end=\"1049\"><strong data-start=\"834\" data-end=\"864\">\u0130\u015flenecek ki\u015fisel veriler:<\/strong><br data-start=\"864\" data-end=\"867\" \/>Ad, Soyad, T.C. Kimlik No, Telefon Numaras\u0131 (Mobil), E-Posta Adresi, Faks Numaras\u0131, IP Adresi, Adres, Sipari\u015f Tarihi, Sipari\u015f No, Sipari\u015f Tutar\u0131, Sipari\u015f Edilen \u00dcr\u00fcn ve \u00d6deme Tercihi<\/p>\n<p data-start=\"1051\" data-end=\"1168\">Yukar\u0131da ama\u00e7lar\u0131 belirtilen ki\u015fisel verilerimin belirtilen ama\u00e7lar \u00e7er\u00e7evesinde i\u015flenmesini kabul ve beyan ediyorum.<\/p>\n<p data-start=\"1170\" data-end=\"1180\">..\/..\/20..<\/p>\n<p data-start=\"1182\" data-end=\"1210\">Ad\u0131n\u0131z Soyad\u0131n\u0131z:<br data-start=\"1199\" data-end=\"1202\" \/>\u0130mzan\u0131z:<\/p>\n","protected":false},"excerpt":{"rendered":"<p>\u00dcr\u00fcn veya Hizmet Alan Ki\u015fi Ki\u015fisel Verilerin \u0130\u015flenmesi A\u00e7\u0131k R\u0131za Metni ve Beyan\u0131 6698 say\u0131l\u0131 Ki\u015fisel Verilerin Korunmas\u0131 Kanunu&#8217;na g\u00f6re<\/p>\n","protected":false},"author":1,"featured_media":0,"parent":0,"menu_order":9,"comment_status":"closed","ping_status":"closed","template":"","meta":{"footnotes":""},"class_list":["post-35353","page","type-page","status-publish","hentry"],"_links":{"self":[{"href":"https:\/\/house-of-hunny.com\/tr\/wp-json\/wp\/v2\/pages\/35353","targetHints":{"allow":["GET"]}}],"collection":[{"href":"https:\/\/house-of-hunny.com\/tr\/wp-json\/wp\/v2\/pages"}],"about":[{"href":"https:\/\/house-of-hunny.com\/tr\/wp-json\/wp\/v2\/types\/page"}],"author":[{"embeddable":true,"href":"https:\/\/house-of-hunny.com\/tr\/wp-json\/wp\/v2\/users\/1"}],"replies":[{"embeddable":true,"href":"https:\/\/house-of-hunny.com\/tr\/wp-json\/wp\/v2\/comments?post=35353"}],"version-history":[{"count":2,"href":"https:\/\/house-of-hunny.com\/tr\/wp-json\/wp\/v2\/pages\/35353\/revisions"}],"predecessor-version":[{"id":35448,"href":"https:\/\/house-of-hunny.com\/tr\/wp-json\/wp\/v2\/pages\/35353\/revisions\/35448"}],"wp:attachment":[{"href":"https:\/\/house-of-hunny.com\/tr\/wp-json\/wp\/v2\/media?parent=35353"}],"curies":[{"name":"wp","href":"https:\/\/api.w.org\/{rel}","templated":true}]}}