{"id":35345,"date":"2025-05-23T17:03:43","date_gmt":"2025-05-23T14:03:43","guid":{"rendered":"https:\/\/house-of-hunny.com\/personal-data-protection-notice\/"},"modified":"2025-06-21T17:43:40","modified_gmt":"2025-06-21T14:43:40","slug":"aydinlatma-metni","status":"publish","type":"page","link":"https:\/\/house-of-hunny.com\/tr\/aydinlatma-metni\/","title":{"rendered":"Ayd\u0131nlatma Metni"},"content":{"rendered":"<p><strong>Ki\u015fisel Verilerin Korunmas\u0131 \u00dcr\u00fcn veya Hizmet Alan Ki\u015fi <\/strong><\/p>\n<p><strong>Ayd\u0131nlatma Metni<\/strong><\/p>\n<p>Hunny G\u0131da Tar\u0131m \u00dcretim ve Ticaret A.\u015e. (\u201c<strong>Hunny G\u0131da<\/strong>\u201d),\u00a0<strong>veri sorumlusu<\/strong>\u00a0olarak 6698 say\u0131l\u0131 Ki\u015fisel Verilerin Korunmas\u0131 Kanunu (KVKK) ve ilgili di\u011fer mevzuata uygun olarak ki\u015fisel verilerinizi i\u015flemektedir.<\/p>\n<p>KVKK\u2019n\u0131n Ayd\u0131nlatma Y\u00fck\u00fcml\u00fcl\u00fc\u011f\u00fc&#8217;n\u00fc d\u00fczenleyen 10. maddesine g\u00f6re\u00a0<strong>veri sorumlular\u0131,<\/strong> ki\u015fisel verilerini i\u015fledikleri\u00a0<strong>ilgili ki\u015fileri<\/strong>\u00a0belirli konularda bilgilendirmekle y\u00fck\u00fcml\u00fcd\u00fcr.<\/p>\n<p>Bu ayd\u0131nlatma metni de hukuki y\u00fck\u00fcml\u00fcl\u00fc\u011f\u00fcn yerine getirilebilmesi amac\u0131yla\u00a0Ki\u015fisel Verileri Koruma Kurumu\u00a0taraf\u0131ndan yay\u0131nlanan\u00a0Ayd\u0131nlatma Y\u00fck\u00fcml\u00fcl\u00fc\u011f\u00fcn\u00fcn Yerine Getirilmesinde Uyulacak Usul ve Esaslar Hakk\u0131nda Tebli\u011f&#8217;ine\u00a0uygun olarak haz\u0131rlanm\u0131\u015ft\u0131r.<\/p>\n<p><strong><u>Tan\u0131mlar<\/u><\/strong><\/p>\n<p>6698 say\u0131l\u0131 Ki\u015fisel Verilerin Korunmas\u0131 Kanunu&#8217;na g\u00f6re:<\/p>\n<p><strong>Ki\u015fisel veri<\/strong>, kimli\u011fi belirli veya belirlenebilir ger\u00e7ek ki\u015fiye ili\u015fkin her t\u00fcrl\u00fc bilgiyi;<\/p>\n<p><strong>Ki\u015fisel verilerin i\u015flenmesi<\/strong>, ki\u015fisel verilerin tamamen veya k\u0131smen otomatik olan ya da herhangi bir veri kay\u0131t sisteminin par\u00e7as\u0131 olmak kayd\u0131yla otomatik olmayan yollarla elde edilmesi, kaydedilmesi, depolanmas\u0131, muhafaza edilmesi, de\u011fi\u015ftirilmesi, yeniden d\u00fczenlenmesi, a\u00e7\u0131klanmas\u0131, aktar\u0131lmas\u0131, devral\u0131nmas\u0131, elde edilebilir h\u00e2le getirilmesi, s\u0131n\u0131fland\u0131r\u0131lmas\u0131 ya da kullan\u0131lmas\u0131n\u0131n engellenmesi gibi veriler \u00fczerinde ger\u00e7ekle\u015ftirilen her t\u00fcrl\u00fc i\u015flemi;<\/p>\n<p><strong>\u0130lgili ki\u015fi<\/strong>, ki\u015fisel verisi i\u015flenen ger\u00e7ek ki\u015fiyi;<\/p>\n<p><strong>Veri sorumlusu<\/strong>, ki\u015fisel verilerin i\u015fleme ama\u00e7lar\u0131n\u0131 ve vas\u0131talar\u0131n\u0131 belirleyen, veri kay\u0131t sisteminin kurulmas\u0131ndan ve y\u00f6netilmesinden sorumlu olan ger\u00e7ek veya t\u00fczel ki\u015fiyi<\/p>\n<p><strong>Ayd\u0131nlatma y\u00fck\u00fcml\u00fcl\u00fc\u011f\u00fc<\/strong>, ki\u015fisel verilerin elde edilmesi s\u0131ras\u0131nda veri sorumlusu veya yetkilendirdi\u011fi ki\u015finin, ilgili ki\u015filere; veri sorumlusunun kimli\u011fi, ki\u015fisel verilerin hangi ama\u00e7la i\u015flenece\u011fi, i\u015flenen ki\u015fisel verilerin kimlere ve hangi ama\u00e7la aktar\u0131labilece\u011fi, ki\u015fisel veri toplaman\u0131n y\u00f6ntemi ve hukuki sebebi ve Kanun&#8217;un 11&#8217;inci maddesinde say\u0131lan di\u011fer haklar\u0131 konusunda bilgi verme y\u00fck\u00fcml\u00fcl\u00fc\u011f\u00fcn\u00fc;<\/p>\n<p>ifade eder.<\/p>\n<p><strong>\u0130lgili Ki\u015fi<\/strong><\/p>\n<p>Ki\u015fisel verileri\u00a0<strong>Hunny G\u0131da <\/strong>taraf\u0131ndan i\u015flenen siz, bir mal ya da hizmet alman\u0131z sebebiyle taraf\u0131m\u0131zca\u00a0<strong>\u00dcr\u00fcn Veya Hizmet Alan Ki\u015fi<\/strong>\u00a0olarak tan\u0131mlanmaktas\u0131n\u0131z ve Kanun taraf\u0131ndan da \u0130lgili Ki\u015fi olarak kabul edilmektesiniz.<\/p>\n<p><strong>Veri Sorumlusu<\/strong><\/p>\n<p>Sizinle ilgili ki\u015fisel veriler konusunda ki\u015fisel verilerin i\u015fleme ama\u00e7lar\u0131n\u0131 ve vas\u0131talar\u0131n\u0131 belirleyen, veri kay\u0131t sisteminin kurulmas\u0131ndan ve y\u00f6netilmesinden sorumlu olan\u00a0<strong>Hunny <\/strong>veri sorumlusudur.<\/p>\n<p><strong>Ki\u015fisel Verilerinizin Elde Edilmesi<\/strong><\/p>\n<p>A\u015fa\u011f\u0131daki ki\u015fisel verileriniz ve elde edinme y\u00f6ntemleri g\u00f6sterilmektedir. Ayn\u0131 ki\u015fisel veri birden fazla y\u00f6ntemle de elde edilebilir.<\/p>\n<table width=\"100%\">\n<tbody>\n<tr>\n<td width=\"30%\">Y\u00f6ntem\/Ortam<\/td>\n<td width=\"70%\">Veriler<\/td>\n<\/tr>\n<tr>\n<td width=\"30%\">Otomatik y\u00f6ntemlerle do\u011frudan sizden ve elektronik ortamda<\/td>\n<td width=\"70%\"><strong>Kimlik<\/strong>\u00a0<strong>Bilgileri <\/strong><em>(Ad, Soyad ve T.C. Kimlik No)<\/em>\u00a0<strong>\u0130leti\u015fim<\/strong>\u00a0<em>(Telefon Numaras\u0131 (Mobil), E-Posta Adresi ve Faks Numaras\u0131)<\/em>\u00a0<strong>\u0130\u015flem G\u00fcvenli\u011fi<\/strong>\u00a0<em>(IP Adresi)<\/em>\u00a0<strong>Adres<\/strong>\u00a0<em>(Adres)<\/em>\u00a0<strong>M\u00fc\u015fteri \u0130\u015flem Bilgisi<\/strong>\u00a0<em>(Sipari\u015f No, Sipari\u015f Tarihi, Sipari\u015f Tutar\u0131, \u00d6deme Tercihi, Sipari\u015f Edilen \u00dcr\u00fcn, vd.)<\/em>\u00a0<strong>Kullan\u0131lan Kaynak<\/strong>\u00a0<em>(Teslim Nedeni)<\/em><\/td>\n<\/tr>\n<\/tbody>\n<\/table>\n<p><strong>Ki\u015fisel Verilerinizin \u0130\u015flenme Ama\u00e7lar\u0131 ve Hukuki Sebepleri<\/strong><\/p>\n<p>A\u015fa\u011f\u0131daki tabloda ki\u015fisel verilerinizin i\u015flenmesindeki hukuki sebepler ve i\u015flenme ama\u00e7lar\u0131 listelenmi\u015ftir.<\/p>\n<table width=\"100%\">\n<tbody>\n<tr>\n<td colspan=\"2\" width=\"100%\"><em>KVKK Md.5\/2c&#8217;de d\u00fczenlenen bir s\u00f6zle\u015fmenin kurulmas\u0131 veya ifas\u0131yla do\u011frudan do\u011fruya ilgili olmas\u0131 kayd\u0131yla, s\u00f6zle\u015fmenin taraflar\u0131na ait ki\u015fisel verilerin i\u015flenmesinin gerekli olmas\u0131 sebebiyle<\/em><\/td>\n<\/tr>\n<tr>\n<td width=\"33%\">Talep\/\u015fikayetlerin takibi amac\u0131yla ve<\/p>\n<p>Sizinle akdedilen\/akdedilecek olan Mesafeli Sat\u0131\u015f S\u00f6zle\u015fmesi&#8217;ne istinaden;<\/td>\n<td width=\"67%\"><strong>\u0130leti\u015fim Bilgileri<\/strong>\u00a0<em>(Telefon Numaras\u0131 (Mobil), E-Posta Adresi),<\/em>\u00a0<strong>M\u00fc\u015fteri \u0130\u015flem Bilgileri <\/strong><em>(Sipari\u015f Durumu)<\/em><\/td>\n<\/tr>\n<tr>\n<td width=\"33%\">Lojistik faaliyetlerinin y\u00fcr\u00fct\u00fclmesi amac\u0131yla ve<\/p>\n<p>Sizinle akdedilen\/akdedilecek olan Mesafeli Sat\u0131\u015f S\u00f6zle\u015fmesi&#8217;ne istinaden;<\/td>\n<td width=\"67%\"><strong>Kimlik Bilgileri<\/strong>\u00a0<em>(Ad, Soyad, T.C. Kimlik No),<\/em>\u00a0<strong>Evrak Bilgileri<\/strong>\u00a0<em>(Evrak Tarihi, Evrak No),<\/em>\u00a0<strong>Finans<\/strong>\u00a0<em>(Vergi Dairesi, Vergi Kimlik No),<\/em>\u00a0<strong>Adres<\/strong>\u00a0<em>(Adres, Adres \u0130l, Adres \u0130l\u00e7e)<\/em><\/td>\n<\/tr>\n<tr>\n<td width=\"33%\">Mal\/hizmet sat\u0131\u015f sonras\u0131 destek hizmetlerinin y\u00fcr\u00fct\u00fclmesi amac\u0131yla ve<\/p>\n<p>Sizinle akdedilen\/akdedilecek olan Mesafeli Sat\u0131\u015f S\u00f6zle\u015fmesi&#8217;ne istinaden;<\/td>\n<td width=\"67%\"><strong>Kimlik Bilgileri<\/strong>\u00a0<em>(Ad, Soyad, T.C. Kimlik No),<\/em>\u00a0<strong>\u0130leti\u015fim Bilgileri<\/strong>\u00a0<em>(Telefon Numaras\u0131 (Mobil), E-Posta Adresi, Faks Numaras\u0131),<\/em>\u00a0<strong>\u0130\u015flem G\u00fcvenli\u011fi<\/strong>\u00a0<em>(IP Adresi),<\/em>\u00a0<strong>Adres<\/strong>\u00a0<em>(Adres),<\/em>\u00a0<strong>M\u00fc\u015fteri \u0130\u015flem<\/strong>\u00a0<strong>Bilgileri<\/strong><em> (Sipari\u015f Tarihi, Sipari\u015f No, Sipari\u015f Tutar\u0131, Sipari\u015f Edilen \u00dcr\u00fcn, \u00d6deme Tercihi, Sipari\u015f Durumu vd.)<\/em><\/td>\n<\/tr>\n<tr>\n<td width=\"33%\">Mal\/hizmet sat\u0131\u015f s\u00fcre\u00e7lerinin y\u00fcr\u00fct\u00fclmesi amac\u0131yla ve<\/p>\n<p>Sizinle akdedilen\/akdedilecek olan Mesafeli Sat\u0131\u015f S\u00f6zle\u015fmesi&#8217;ne istinaden;<\/td>\n<td width=\"67%\"><strong>Kimlik<\/strong>\u00a0<strong>Bilgileri<\/strong><em> (Ad, Soyad, T.C. Kimlik No),<\/em>\u00a0<strong>Evrak Bilgileri<\/strong>\u00a0<em>(Evrak Tarihi, Evrak No, Evrak Tutar\u0131),<\/em>\u00a0<strong>\u0130leti\u015fim<\/strong>\u00a0<strong>Bilgileri<\/strong><em> (Telefon Numaras\u0131 (Mobil), E-Posta Adresi, Faks Numaras\u0131),<\/em>\u00a0<strong>Finans<\/strong>\u00a0<em>(Vergi Dairesi, Vergi Kimlik No, Kredi Kart Numaras\u0131, Kredi Kart\u0131 Son Kullan\u0131m Tarihi, Kredi Kart\u0131 G\u00fcvenlik Numaras\u0131, vd.),<\/em>\u00a0<strong>\u0130\u015flem G\u00fcvenli\u011fi<\/strong>\u00a0<em>(IP Adresi),<\/em>\u00a0<strong>Adres<\/strong>\u00a0<em>(Adres, Adres \u0130l, Adres \u0130l\u00e7e),<\/em>\u00a0<strong>M\u00fc\u015fteri \u0130\u015flem<\/strong>\u00a0<strong>Bilgileri<\/strong><em> (\u00dccret, Sipari\u015f Tarihi, Sipari\u015f No, Sipari\u015f Tutar\u0131, \u0130\u015flem A\u00e7\u0131klamas\u0131, vd.),<\/em>\u00a0<strong>Kullan\u0131lan Kaynak<\/strong>\u00a0<em>(Teslim Nedeni)<\/em><\/td>\n<\/tr>\n<\/tbody>\n<\/table>\n<p>&nbsp;<\/p>\n<table width=\"100%\">\n<tbody>\n<tr>\n<td colspan=\"2\" width=\"100%\"><em>KVKK Md.5\/2\u00e7&#8217;deki veri sorumlusunun hukuki y\u00fck\u00fcml\u00fcl\u00fc\u011f\u00fcn\u00fc yerine getirebilmesi i\u00e7in zorunlu olmas\u0131 sebebiyle<\/em><\/td>\n<\/tr>\n<tr>\n<td width=\"33%\">Saklama ve ar\u015fiv faaliyetlerinin y\u00fcr\u00fct\u00fclmesi amac\u0131yla ve<\/p>\n<p>6102 Say\u0131l\u0131 T\u00fcrk Ticaret Kanunu&#8217;ndaki Saklanmas\u0131 Gereken Ticari Evraklar Ve Saklama S\u00fcresi&#8217;ne (Madde 82) istinaden;<\/td>\n<td width=\"67%\"><strong>Kimlik<\/strong>\u00a0<strong>Bilgileri<\/strong><em> (Ad, Soyad, T.C. Kimlik No),<\/em>\u00a0<strong>Evrak Bilgileri<\/strong>\u00a0<em>(Evrak Tarihi, Evrak No, Evrak Tutar\u0131),<\/em>\u00a0<strong>Finans<\/strong>\u00a0<em>(Vergi Dairesi, Vergi Kimlik No),<\/em>\u00a0<strong>Adres<\/strong>\u00a0<em>(Adres, Adres \u0130l, Adres \u0130l\u00e7e)<\/em><\/td>\n<\/tr>\n<tr>\n<td width=\"33%\">Saklama ve ar\u015fiv faaliyetlerinin y\u00fcr\u00fct\u00fclmesi amac\u0131yla ve<\/p>\n<p>Mesafeli S\u00f6zle\u015fmeler Y\u00f6netmeli\u011fi&#8217;ndeki Mesafeli S\u00f6zle\u015fmeler Y\u00f6netmeli\u011fi&#8217;ne (Madde 20) istinaden;<\/td>\n<td width=\"67%\"><strong>Kimlik<\/strong>\u00a0<strong>Bilgileri<\/strong><em> (Ad, Soyad, T.C. Kimlik No),<\/em>\u00a0<strong>\u0130leti\u015fim<\/strong>\u00a0<strong>Bilgileri<\/strong><em> (Telefon Numaras\u0131 (Mobil), E-Posta Adresi, Faks Numaras\u0131),<\/em>\u00a0<strong>\u0130\u015flem G\u00fcvenli\u011fi<\/strong>\u00a0<em>(IP Adresi),<\/em>\u00a0<strong>Adres<\/strong>\u00a0<em>(Adres),<\/em>\u00a0<strong>M\u00fc\u015fteri \u0130\u015flem Bilgileri<\/strong>\u00a0<em>(Sipari\u015f Tarihi, Sipari\u015f No, Sipari\u015f Tutar\u0131, Sipari\u015f Edilen \u00dcr\u00fcn, \u00d6deme Tercihi, vd.),<\/em>\u00a0<strong>Kullan\u0131lan Kaynak<\/strong>\u00a0<em>(Teslim Nedeni)<\/em><\/td>\n<\/tr>\n<\/tbody>\n<\/table>\n<p>&nbsp;<\/p>\n<table width=\"100%\">\n<tbody>\n<tr>\n<td colspan=\"2\" width=\"100%\"><em>KVKK Md.9\/1&#8217;de d\u00fczenlenen yurt d\u0131\u015f\u0131na ki\u015fisel verilerin aktar\u0131lmas\u0131na ili\u015fkin a\u00e7\u0131k r\u0131zan\u0131z\u0131n bulunmas\u0131 durumunda;<\/em><\/td>\n<\/tr>\n<tr>\n<td width=\"33%\">Mal\/hizmet sat\u0131\u015f s\u00fcre\u00e7lerinin y\u00fcr\u00fct\u00fclmesi veya<\/p>\n<p>Mal\/hizmet sat\u0131\u015f sonras\u0131 destek hizmetlerinin y\u00fcr\u00fct\u00fclmesi amac\u0131yla<\/td>\n<td width=\"67%\"><strong>Kimlik Bilgileri <\/strong><em>(Ad, Soyad, T.C. Kimlik No),<\/em>\u00a0<strong>\u0130leti\u015fim<\/strong>\u00a0<strong>Bilgileri<\/strong><em> (Telefon Numaras\u0131 (Mobil), E-Posta Adresi, Faks Numaras\u0131),<\/em>\u00a0<strong>\u0130\u015flem G\u00fcvenli\u011fi<\/strong>\u00a0<em>(IP Adresi),<\/em>\u00a0<strong>Adres<\/strong>\u00a0<em>(Adres),<\/em>\u00a0<strong>M\u00fc\u015fteri \u0130\u015flem<\/strong>\u00a0<strong>Bilgileri<\/strong><em> (Sipari\u015f Tarihi, Sipari\u015f No, Sipari\u015f Tutar\u0131, Sipari\u015f Edilen \u00dcr\u00fcn, \u00d6deme Tercihi)<\/em><\/td>\n<\/tr>\n<\/tbody>\n<\/table>\n<p><strong>Ki\u015fisel Verilerinizin Aktar\u0131lmas\u0131<\/strong><\/p>\n<p>Ki\u015fisel verileriniz KVKK Md.28\/1 \u00e7er\u00e7evesinde talep edilmesi halinde ayd\u0131nlatma y\u00fck\u00fcml\u00fcl\u00fc\u011f\u00fc olmadan ve a\u00e7\u0131k r\u0131zan\u0131z aranmadan ilgili makamlara aktar\u0131labilir.<\/p>\n<p>Bunun d\u0131\u015f\u0131nda \u00f6ng\u00f6r\u00fclemeyen durumlarda da ki\u015fisel verileriniz kanunlarda a\u00e7\u0131k\u00e7a belirtilmi\u015f durumlarda talep edilmesi halinde kanunlarda belirtilen kamu kurumlar\u0131na (bakanl\u0131klar, Cumhurba\u015fkanl\u0131\u011f\u0131 kurullar\u0131 gibi idari makamlara) kanunda \u00f6ng\u00f6r\u00fclen ama\u00e7 ve s\u0131n\u0131rlamalar d\u00e2hilinde aktar\u0131labilir.<\/p>\n<p>Ayd\u0131nlatma y\u00fck\u00fcml\u00fcl\u00fc\u011f\u00fc olmayan ve a\u00e7\u0131k r\u0131zan\u0131z\u0131 gerektirmeyen yasal y\u00fck\u00fcml\u00fcl\u00fcklerimizin d\u0131\u015f\u0131nda;<\/p>\n<p>A\u015fa\u011f\u0131daki tabloda aktar\u0131lan ki\u015fisel verileriniz al\u0131c\u0131lar ve aktar\u0131lma ama\u00e7lar\u0131 g\u00f6sterilmektedir.<\/p>\n<table width=\"100%\">\n<tbody>\n<tr>\n<td width=\"33%\">Al\u0131c\u0131\/Ama\u00e7<\/td>\n<td width=\"67%\">Veriler<\/td>\n<\/tr>\n<tr>\n<td width=\"33%\">Lojistik \u015eirketleri&#8217;ne<\/p>\n<p>Lojistik faaliyetinin ger\u00e7ekle\u015ftirilmesi<\/td>\n<td width=\"67%\"><strong>Kimlik<\/strong>\u00a0<em>(Ad, Soyad ve T.C. Kimlik No)<\/em>\u00a0<strong>Evrak Bilgileri<\/strong>\u00a0<em>(Evrak Tarihi ve Evrak No)<\/em>\u00a0<strong>Finans<\/strong>\u00a0<em>(Vergi Dairesi ve Vergi Kimlik No)<\/em>\u00a0<strong>Adres<\/strong>\u00a0<em>(Adres, Adres \u0130l ve Adres \u0130l\u00e7e)<\/em>\u00a0;<\/td>\n<\/tr>\n<tr>\n<td width=\"33%\">\u0130yzico \u00fcr\u00fcn sat\u0131\u015f s\u00fcre\u00e7lerinin ve \u00f6deme i\u015flemlerinin y\u00fcr\u00fct\u00fclmesi<\/td>\n<td width=\"67%\"><strong>Kimlik<\/strong>\u00a0<em>(Ad ve Soyad)<\/em>\u00a0<strong>Finans<\/strong>\u00a0<em>(Kredi Kart Numaras\u0131, Kredi Kart\u0131 Son Kullan\u0131m Tarihi, Kredi Kart\u0131 G\u00fcvenlik Numaras\u0131 ve \u00d6deme \u015eekli )<\/em>\u00a0<strong>M\u00fc\u015fteri \u0130\u015flem<\/strong>\u00a0<em>(\u00dccret, Sipari\u015f Tarihi, Sipari\u015f No, \u0130\u015flem A\u00e7\u0131klamas\u0131, \u0130\u015flem Numaras\u0131, vd.)<\/em>\u00a0;<\/td>\n<\/tr>\n<tr>\n<td width=\"33%\">E-ticaret Altyap\u0131 Sa\u011flay\u0131c\u0131 \u015eirketi&#8217;ne<\/p>\n<p>web sitesi altyap\u0131s\u0131n\u0131n tedarik\u00e7isi olmas\u0131na istinaden mal\/hizmet sat\u0131\u015f s\u00fcre\u00e7lerinin y\u00fcr\u00fct\u00fclmesi ve sat\u0131\u015f sonras\u0131 deste\u011fin sa\u011flanabilmesi<\/td>\n<td width=\"67%\"><strong>Kimlik<\/strong>\u00a0<em>(Ad, Soyad ve T.C. Kimlik No)<\/em>\u00a0<strong>\u0130leti\u015fim<\/strong>\u00a0<em>(Telefon Numaras\u0131 (Mobil), E-Posta Adresi ve Faks Numaras\u0131)<\/em>\u00a0<strong>\u0130\u015flem G\u00fcvenli\u011fi<\/strong>\u00a0<em>(IP Adresi)<\/em>\u00a0<strong>Adres<\/strong>\u00a0<em>(Adres)<\/em>\u00a0<strong>M\u00fc\u015fteri \u0130\u015flem<\/strong>\u00a0<em>(Sipari\u015f Tarihi, Sipari\u015f No, Sipari\u015f Tutar\u0131, Sipari\u015f Edilen \u00dcr\u00fcn ve \u00d6deme Tercihi)<\/em>\u00a0;<\/td>\n<\/tr>\n<\/tbody>\n<\/table>\n<p>Yukar\u0131da say\u0131lan ama\u00e7larla ki\u015fisel verileriniz 3. \u015fah\u0131slara aktar\u0131labilir.<\/p>\n<p><strong>Ki\u015fisel Verilerin Saklanma S\u00fcresi<\/strong><\/p>\n<p>Hunny G\u0131da, ilgili mevzuatta \u00f6ng\u00f6r\u00fclmesi durumunda ki\u015fisel verileri bu mevzuatlarda belirtilen s\u00fcre boyunca saklamaktad\u0131r.<\/p>\n<p>Ki\u015fisel verilerin ne kadar s\u00fcre boyunca saklanmas\u0131 gerekti\u011fine ili\u015fkin mevzuatta bir s\u00fcre d\u00fczenlenmemi\u015fse, Ki\u015fisel Veriler \u015eirketimizin o veriyi i\u015flerken y\u00fcr\u00fct\u00fclen faaliyet ile ba\u011fl\u0131 olarak \u015eirketimiz uygulamalar\u0131 ve ticari ya\u015fam\u0131n\u0131n team\u00fclleri uyar\u0131nca i\u015flenmesini gerektiren s\u00fcre kadar i\u015flenmekte daha sonra silinmekte, yok edilmekte veya anonim hale getirilmektedir.<\/p>\n<p>Ki\u015fisel verilerin i\u015flenme amac\u0131 sona ermi\u015f; ilgili mevzuat veya \u015eirketimizin belirledi\u011fi saklama s\u00fcrelerinin de sonuna gelinmi\u015fse; ki\u015fisel veriler yaln\u0131zca olas\u0131 hukuki uyu\u015fmazl\u0131klarda delil te\u015fkil etmesi veya ki\u015fisel veriye ba\u011fl\u0131 ilgili hakk\u0131n ileri s\u00fcr\u00fclebilmesi veya savunman\u0131n tesis edilmesi amac\u0131yla saklanabilmektedir. Buradaki s\u00fcrelerin tesisinde bahsi ge\u00e7en hakk\u0131n ileri s\u00fcr\u00fclebilmesine y\u00f6nelik zaman a\u015f\u0131m\u0131 s\u00fcreleri ile zaman a\u015f\u0131m\u0131 s\u00fcrelerinin ge\u00e7mesine ra\u011fmen daha \u00f6nce ayn\u0131 konularda \u015eirketimize y\u00f6neltilen taleplerdeki \u00f6rnekler esas al\u0131narak saklama s\u00fcreleri belirlenmektedir. Bu durumda saklanan ki\u015fisel verilere herhangi bir ba\u015fka ama\u00e7la eri\u015filmemekte ve ancak ilgili hukuki uyu\u015fmazl\u0131kta kullan\u0131lmas\u0131 gerekti\u011fi zaman ilgili ki\u015fisel verilere eri\u015fim sa\u011flanmaktad\u0131r. Burada da bahsi ge\u00e7en s\u00fcre sona erdikten sonra ki\u015fisel veriler silinmekte, yok edilmekte veya anonim hale getirilmektedir.<\/p>\n<p><strong>Ki\u015fisel Verilerinizle \u0130lgili Haklar\u0131n\u0131z<\/strong><\/p>\n<p><strong>\u0130lgili ki\u015filer,<\/strong>\u00a0ki\u015fisel verilerine ili\u015fkin haklar\u0131n\u0131 kullanmak i\u00e7in \u00f6ncelikle veri sorumlusuna ba\u015fvurmak zorundad\u0131rlar. Kanunun 14&#8217;\u00fcnc\u00fc maddesine g\u00f6re Ki\u015fisel Verileri Koruma Kurulu&#8217;na do\u011frudan \u015fik\u00e2yette bulunulamaz.<\/p>\n<p>Kanun uyar\u0131nca ki\u015fisel verilerinizle ilgili<\/p>\n<ol>\n<li>Ki\u015fisel veri i\u015flenip i\u015flenmedi\u011fini \u00f6\u011frenme,<\/li>\n<li>Ki\u015fisel verileriniz i\u015flenmi\u015fse buna ili\u015fkin bilgi talep etme,<\/li>\n<li>Ki\u015fisel verilerinizin i\u015flenme amac\u0131n\u0131 ve bunlar\u0131n amac\u0131na uygun kullan\u0131l\u0131p kullan\u0131lmad\u0131\u011f\u0131n\u0131 \u00f6\u011frenme,<\/li>\n<li>Yurt i\u00e7inde veya yurt d\u0131\u015f\u0131nda ki\u015fisel verilerinizin aktar\u0131ld\u0131\u011f\u0131 \u00fc\u00e7\u00fcnc\u00fc ki\u015fileri bilme,<\/li>\n<li>Ki\u015fisel verilerinizin eksik veya yanl\u0131\u015f i\u015flenmi\u015f olmas\u0131 h\u00e2linde bunlar\u0131n d\u00fczeltilmesini isteme,<\/li>\n<li>\u0130\u015flenmesini gerektiren sebeplerin ortadan kalkmas\u0131 h\u00e2linde ki\u015fisel verilerinizin silinmesini veya yok edilmesini isteme,<\/li>\n<li>(d) ve (e) bentleri uyar\u0131nca yap\u0131lan i\u015flemlerin, ki\u015fisel verilerinizin aktar\u0131ld\u0131\u011f\u0131 \u00fc\u00e7\u00fcnc\u00fc ki\u015filere bildirilmesini isteme,<\/li>\n<li>\u0130\u015flenen verilerinizin m\u00fcnhas\u0131ran otomatik sistemler vas\u0131tas\u0131yla analiz edilmesi suretiyle aleyhinize bir sonucun ortaya \u00e7\u0131kmas\u0131na itiraz etme,<\/li>\n<li>Ki\u015fisel verilerin kanuna ayk\u0131r\u0131 olarak i\u015flenmesi sebebiyle zarara u\u011framan\u0131z h\u00e2linde zarar\u0131n giderilmesini talep etme<\/li>\n<\/ol>\n<p>Haklar\u0131n\u0131z\u0131 veri sorumlusuna yani bize ba\u015fvurarak kullanabilirsiniz.<\/p>\n<p><strong>Veri Sorumlusuna Ba\u015fvuru Y\u00f6ntemi<\/strong><\/p>\n<p>Ba\u015fvurunuzu,<\/p>\n<p>Tarabya Mah. \u015eehit \u00d6\u011fretmen \u015eenay Ayb\u00fcke Yal\u00e7\u0131n Sk. Nurol Sitesi C2-7 Blok No:8 Y \u0130\u00e7 Kap\u0131 No:5 Sar\u0131yer \/ \u0130stanbul<\/p>\n<p>adresine yaz\u0131l\u0131 olarak; veya<\/p>\n<p>Sistemimizde kay\u0131tl\u0131 bulunan elektronik posta adresinizi kullanarak\u00a0info@house-of-hunny.com\u00a0adresine e-posta g\u00f6ndererek yapabilirsiniz.<\/p>\n<p>Ba\u015fvuru yap\u0131l\u0131rken uyulmas\u0131 gereken usul ve esaslar hakk\u0131ndaki daha detayl\u0131 bilgiye Ki\u015fisel Verileri Koruma Kurumu&#8217;nun Veri Sorumlusuna Ba\u015fvuru Usul ve Esaslar\u0131 Hakk\u0131nda Tebli\u011f&#8217;den ula\u015fabilirsiniz.<\/p>\n<p>Hunny G\u0131da Tar\u0131m \u00dcretim ve Ticaret A.\u015e.<\/p>\n","protected":false},"excerpt":{"rendered":"<p>Ki\u015fisel Verilerin Korunmas\u0131 \u00dcr\u00fcn veya Hizmet Alan Ki\u015fi Ayd\u0131nlatma Metni Hunny G\u0131da Tar\u0131m \u00dcretim ve Ticaret A.\u015e. (\u201cHunny G\u0131da\u201d),\u00a0veri sorumlusu\u00a0olarak<\/p>\n","protected":false},"author":1,"featured_media":0,"parent":0,"menu_order":5,"comment_status":"closed","ping_status":"closed","template":"","meta":{"footnotes":""},"class_list":["post-35345","page","type-page","status-publish","hentry"],"_links":{"self":[{"href":"https:\/\/house-of-hunny.com\/tr\/wp-json\/wp\/v2\/pages\/35345","targetHints":{"allow":["GET"]}}],"collection":[{"href":"https:\/\/house-of-hunny.com\/tr\/wp-json\/wp\/v2\/pages"}],"about":[{"href":"https:\/\/house-of-hunny.com\/tr\/wp-json\/wp\/v2\/types\/page"}],"author":[{"embeddable":true,"href":"https:\/\/house-of-hunny.com\/tr\/wp-json\/wp\/v2\/users\/1"}],"replies":[{"embeddable":true,"href":"https:\/\/house-of-hunny.com\/tr\/wp-json\/wp\/v2\/comments?post=35345"}],"version-history":[{"count":2,"href":"https:\/\/house-of-hunny.com\/tr\/wp-json\/wp\/v2\/pages\/35345\/revisions"}],"predecessor-version":[{"id":35347,"href":"https:\/\/house-of-hunny.com\/tr\/wp-json\/wp\/v2\/pages\/35345\/revisions\/35347"}],"wp:attachment":[{"href":"https:\/\/house-of-hunny.com\/tr\/wp-json\/wp\/v2\/media?parent=35345"}],"curies":[{"name":"wp","href":"https:\/\/api.w.org\/{rel}","templated":true}]}}