{"id":34609,"date":"2025-03-11T10:39:57","date_gmt":"2025-03-11T07:39:57","guid":{"rendered":"https:\/\/house-of-hunny.com\/honey-analysis\/"},"modified":"2025-11-24T18:06:10","modified_gmt":"2025-11-24T15:06:10","slug":"bal-analizi","status":"publish","type":"page","link":"https:\/\/house-of-hunny.com\/tr\/bal-analizi\/","title":{"rendered":"Bal Analizi"},"content":{"rendered":"\t\t<div data-elementor-type=\"wp-page\" data-elementor-id=\"34609\" class=\"elementor elementor-34609 elementor-28847\" data-elementor-post-type=\"page\">\n\t\t\t\t<div class=\"wd-negative-gap elementor-element elementor-element-7168085 wd-section-stretch animated-slow e-flex e-con-boxed elementor-invisible e-con e-parent\" data-id=\"7168085\" data-element_type=\"container\" data-e-type=\"container\" data-settings=\"{&quot;animation&quot;:&quot;fadeIn&quot;}\">\n\t\t\t\t\t<div class=\"e-con-inner\">\n\t\t<div class=\"elementor-element elementor-element-d8f0f8f e-con-full e-flex e-con e-child\" data-id=\"d8f0f8f\" data-element_type=\"container\" data-e-type=\"container\">\n\t\t\t\t\t<link rel=\"stylesheet\" id=\"wd-mod-animations-keyframes-css\" href=\"https:\/\/house-of-hunny.com\/wp-content\/themes\/woodmart\/css\/parts\/mod-animations-keyframes.min.css?ver=8.3.4\" type=\"text\/css\" media=\"all\" \/> \t\t\t\t\t<div class=\"elementor-element elementor-element-e91b314 animated-slow elementor-widget__width-inherit elementor-invisible elementor-widget elementor-widget-heading\" data-id=\"e91b314\" data-element_type=\"widget\" data-e-type=\"widget\" data-settings=\"{&quot;_animation_tablet&quot;:&quot;none&quot;,&quot;_animation&quot;:&quot;wd-anim-slide-from-top&quot;}\" data-widget_type=\"heading.default\">\n\t\t\t\t<div class=\"elementor-widget-container\">\n\t\t\t\t\t<h2 class=\"elementor-heading-title elementor-size-default\">Bal Analizi\n<\/h2>\t\t\t\t<\/div>\n\t\t\t\t<\/div>\n\t\t\t\t<div class=\"elementor-element elementor-element-e91f4f9 animated-slow color-scheme-inherit text-left elementor-invisible elementor-widget elementor-widget-text-editor\" data-id=\"e91f4f9\" data-element_type=\"widget\" data-e-type=\"widget\" data-settings=\"{&quot;_animation&quot;:&quot;fadeInLeft&quot;}\" data-widget_type=\"text-editor.default\">\n\t\t\t\t<div class=\"elementor-widget-container\">\n\t\t\t\t\t\t\t\t\t<p><b>Bal\u0131n<\/b> <b>safl\u0131\u011f\u0131na<\/b><span style=\"font-weight: 400;\"> ve <\/span><b>sa\u011fl\u0131k<\/b> <b>faydalar\u0131na<\/b><span style=\"font-weight: 400;\"> yak\u0131ndan <\/span><b>bak\u0131ld\u0131\u011f\u0131nda<\/b><span style=\"font-weight: 400;\">, do\u011fan\u0131n bu mucizevi arma\u011fan\u0131n\u0131n <\/span><b>ne denli \u00f6zel oldu\u011fu<\/b><span style=\"font-weight: 400;\"> ortaya \u00e7\u0131kmaktad\u0131r. <\/span><b>Anti<\/b> <b>bakteriyel<\/b> <b>etkilerinden<\/b><span style=\"font-weight: 400;\"> zengin <\/span><b>antioksidan<\/b> <b>i\u00e7eri\u011fine<\/b><span style=\"font-weight: 400;\"> kadar, <\/span><b>bal<\/b><span style=\"font-weight: 400;\"> y\u00fczy\u0131llard\u0131r <\/span><b>do\u011fal<\/b> <b>bir<\/b> <b>\u015fifa<\/b> <b>kayna\u011f\u0131<\/b><span style=\"font-weight: 400;\"> olarak de\u011fer g\u00f6rm\u00fc\u015ft\u00fcr.<\/span><\/p><p><b>House of Hunny\u2019de, her<\/b> <b>kavanozun<\/b> <b>do\u011faya<\/b> <b>sad\u0131k<\/b> <b>kald\u0131\u011f\u0131ndan<\/b> <b>emin<\/b><span style=\"font-weight: 400;\"> olmak i\u00e7in \u00f6zenle <\/span><b>analizler<\/b><span style=\"font-weight: 400;\"> ger\u00e7ekle\u015ftiriyoruz. \u00dcretti\u011fimiz her parti, <\/span><b>titiz kalite kontrollerinden <\/b><span style=\"font-weight: 400;\">ge\u00e7erek;<\/span><b> do\u011fal enzimlerini, vitaminlerini<\/b><span style=\"font-weight: 400;\"> ve <\/span><b>minerallerini<\/b><span style=\"font-weight: 400;\"> koruyacak \u015fekilde kavanozlanmaktad\u0131r.<\/span><\/p><p><span style=\"font-weight: 400;\">\u0130ster <\/span><b>ba\u011f\u0131\u015f\u0131kl\u0131k<\/b> <b>destekleyici<\/b><span style=\"font-weight: 400;\"> olarak ister <\/span><b>cilt<\/b> <b>bak\u0131m\u0131nda<\/b><span style=\"font-weight: 400;\"> ya da <\/span><b>mutfakta<\/b> <b>lezzetli<\/b><span style=\"font-weight: 400;\"> bir <\/span><b>dokunu\u015f<\/b><span style=\"font-weight: 400;\"> i\u00e7in kullan\u0131ls\u0131n, bal\u0131m\u0131z do\u011fan\u0131n<\/span><b> \u015fefkatli<\/b><span style=\"font-weight: 400;\"> eliyle sundu\u011fu <\/span><b>iyile\u015ftirici \u00f6z\u00fcn<\/b><span style=\"font-weight: 400;\"> ta kendisidir.<\/span><\/p>\t\t\t\t\t\t\t\t<\/div>\n\t\t\t\t<\/div>\n\t\t\t\t<div class=\"elementor-element elementor-element-c8b0b47 elementor-widget__width-initial animated-slow elementor-invisible elementor-widget elementor-widget-wd_button\" data-id=\"c8b0b47\" data-element_type=\"widget\" data-e-type=\"widget\" data-settings=\"{&quot;_animation&quot;:&quot;fadeInLeft&quot;}\" data-widget_type=\"wd_button.default\">\n\t\t\t\t<div class=\"elementor-widget-container\">\n\t\t\t\t\t\t\t<div class=\"wd-button-wrapper text-center\" >\n\t\t\t<a class=\"btn btn-style-3d btn-shape-rectangle btn-size-extra-large btn-color-custom btn-full-width btn-icon-pos-left\"  href=\"https:\/\/house-of-hunny.com\/tr\/bal-analizi-2025-2\/\">\n\t\t\t\t<span class=\"wd-btn-text\" data-elementor-setting-key=\"text\">\n\t\t\t\t\t2025 HASADI - DETAYLI ANAL\u0130Z RAPORLARINI \u0130NCELE\t\t\t\t<\/span>\n\n\t\t\t\t\t\t\t<\/a>\n\t\t<\/div>\n\t\t\t\t\t\t<\/div>\n\t\t\t\t<\/div>\n\t\t\t\t<div class=\"elementor-element elementor-element-32fa005 elementor-widget__width-initial animated-slow elementor-invisible elementor-widget elementor-widget-wd_button\" data-id=\"32fa005\" data-element_type=\"widget\" data-e-type=\"widget\" data-settings=\"{&quot;_animation&quot;:&quot;fadeInLeft&quot;}\" data-widget_type=\"wd_button.default\">\n\t\t\t\t<div class=\"elementor-widget-container\">\n\t\t\t\t\t\t\t<div class=\"wd-button-wrapper text-center\" >\n\t\t\t<a class=\"btn btn-style-3d btn-shape-rectangle btn-size-extra-large btn-color-custom btn-full-width btn-icon-pos-left\"  href=\"https:\/\/house-of-hunny.com\/tr\/bal-analizi-2024\">\n\t\t\t\t<span class=\"wd-btn-text\" data-elementor-setting-key=\"text\">\n\t\t\t\t\t2024 HASADI - DETAYLI ANAL\u0130Z RAPORLARINI \u0130NCELE\t\t\t\t<\/span>\n\n\t\t\t\t\t\t\t<\/a>\n\t\t<\/div>\n\t\t\t\t\t\t<\/div>\n\t\t\t\t<\/div>\n\t\t\t\t<\/div>\n\t\t<div class=\"elementor-element elementor-element-18b976d e-con-full e-flex e-con e-child\" data-id=\"18b976d\" data-element_type=\"container\" data-e-type=\"container\">\n\t\t\t\t<div class=\"elementor-element elementor-element-d3dc054 elementor-widget elementor-widget-image\" data-id=\"d3dc054\" data-element_type=\"widget\" data-e-type=\"widget\" data-widget_type=\"image.default\">\n\t\t\t\t<div class=\"elementor-widget-container\">\n\t\t\t\t\t\t\t\t\t\t\t\t\t\t\t<img decoding=\"async\" src=\"https:\/\/house-of-hunny.com\/wp-content\/uploads\/elementor\/thumbs\/Honey-Analysis-rmr9tw2x13l8ro3r1ki87t0hxh4o4g8a3ozdwv7u54.jpg\" title=\"Honey Analysis\" alt=\"Honey Analysis\" loading=\"lazy\" \/>\t\t\t\t\t\t\t\t\t\t\t\t\t\t\t<\/div>\n\t\t\t\t<\/div>\n\t\t\t\t<\/div>\n\t\t\t\t\t<\/div>\n\t\t\t\t<\/div>\n\t\t\t\t<\/div>\n\t\t","protected":false},"excerpt":{"rendered":"<p>Bal Analizi Bal\u0131n safl\u0131\u011f\u0131na ve sa\u011fl\u0131k faydalar\u0131na yak\u0131ndan bak\u0131ld\u0131\u011f\u0131nda, do\u011fan\u0131n bu mucizevi arma\u011fan\u0131n\u0131n ne denli \u00f6zel oldu\u011fu ortaya \u00e7\u0131kmaktad\u0131r. Anti<\/p>\n","protected":false},"author":1,"featured_media":0,"parent":0,"menu_order":29,"comment_status":"closed","ping_status":"closed","template":"","meta":{"footnotes":""},"class_list":["post-34609","page","type-page","status-publish","hentry"],"_links":{"self":[{"href":"https:\/\/house-of-hunny.com\/tr\/wp-json\/wp\/v2\/pages\/34609","targetHints":{"allow":["GET"]}}],"collection":[{"href":"https:\/\/house-of-hunny.com\/tr\/wp-json\/wp\/v2\/pages"}],"about":[{"href":"https:\/\/house-of-hunny.com\/tr\/wp-json\/wp\/v2\/types\/page"}],"author":[{"embeddable":true,"href":"https:\/\/house-of-hunny.com\/tr\/wp-json\/wp\/v2\/users\/1"}],"replies":[{"embeddable":true,"href":"https:\/\/house-of-hunny.com\/tr\/wp-json\/wp\/v2\/comments?post=34609"}],"version-history":[{"count":38,"href":"https:\/\/house-of-hunny.com\/tr\/wp-json\/wp\/v2\/pages\/34609\/revisions"}],"predecessor-version":[{"id":36073,"href":"https:\/\/house-of-hunny.com\/tr\/wp-json\/wp\/v2\/pages\/34609\/revisions\/36073"}],"wp:attachment":[{"href":"https:\/\/house-of-hunny.com\/tr\/wp-json\/wp\/v2\/media?parent=34609"}],"curies":[{"name":"wp","href":"https:\/\/api.w.org\/{rel}","templated":true}]}}