{"id":34566,"date":"2025-03-11T10:38:53","date_gmt":"2025-03-11T07:38:53","guid":{"rendered":"https:\/\/house-of-hunny.com\/yolculugumuz-ve-koklerimiz\/"},"modified":"2025-06-21T17:43:45","modified_gmt":"2025-06-21T14:43:45","slug":"yolculugumuz-ve-koklerimiz","status":"publish","type":"page","link":"https:\/\/house-of-hunny.com\/tr\/yolculugumuz-ve-koklerimiz\/","title":{"rendered":"Yolculu\u011fumuz ve K\u00f6klerimiz"},"content":{"rendered":"\t\t<div data-elementor-type=\"wp-page\" data-elementor-id=\"34566\" class=\"elementor elementor-34566 elementor-28839\" data-elementor-post-type=\"page\">\n\t\t\t\t<div class=\"wd-negative-gap elementor-element elementor-element-da89330 animated-slow e-flex e-con-boxed elementor-invisible e-con e-parent\" data-id=\"da89330\" data-element_type=\"container\" data-e-type=\"container\" data-settings=\"{&quot;animation&quot;:&quot;fadeIn&quot;}\">\n\t\t\t\t\t<div class=\"e-con-inner\">\n\t\t<div class=\"elementor-element elementor-element-228bc28 e-con-full e-flex e-con e-child\" data-id=\"228bc28\" data-element_type=\"container\" data-e-type=\"container\">\n\t\t\t\t\t<link rel=\"stylesheet\" id=\"wd-mod-animations-keyframes-css\" href=\"https:\/\/house-of-hunny.com\/wp-content\/themes\/woodmart\/css\/parts\/mod-animations-keyframes.min.css?ver=8.3.4\" type=\"text\/css\" media=\"all\" \/> \t\t\t\t\t<div class=\"elementor-element elementor-element-e5cf203 animated-slow elementor-widget__width-inherit elementor-invisible elementor-widget elementor-widget-heading\" data-id=\"e5cf203\" data-element_type=\"widget\" data-e-type=\"widget\" data-settings=\"{&quot;_animation_tablet&quot;:&quot;none&quot;,&quot;_animation&quot;:&quot;wd-anim-slide-from-top&quot;}\" data-widget_type=\"heading.default\">\n\t\t\t\t<div class=\"elementor-widget-container\">\n\t\t\t\t\t<h2 class=\"elementor-heading-title elementor-size-default\">Yolculu\u011fumuz ve K\u00f6klerimiz<\/h2>\t\t\t\t<\/div>\n\t\t\t\t<\/div>\n\t\t\t\t<div class=\"elementor-element elementor-element-96006b1 animated-slow color-scheme-inherit text-left elementor-invisible elementor-widget elementor-widget-text-editor\" data-id=\"96006b1\" data-element_type=\"widget\" data-e-type=\"widget\" data-settings=\"{&quot;_animation&quot;:&quot;fadeInLeft&quot;}\" data-widget_type=\"text-editor.default\">\n\t\t\t\t<div class=\"elementor-widget-container\">\n\t\t\t\t\t\t\t\t\t<p><span style=\"font-weight: 400;\">Y\u00fcr\u00fcd\u00fc\u011f\u00fcm\u00fcz yol, <\/span><b>do\u011faya ve gelene\u011fe derinlemesine k\u00f6k salm\u0131\u015f<\/b><span style=\"font-weight: 400;\"> bir yoldur.<\/span><\/p><p><span style=\"font-weight: 400;\">Her \u015fey, bedeni ve ruhu besleyen <\/span><b>saf, do\u011fal \u00fcr\u00fcnlere<\/b><span style=\"font-weight: 400;\"> duydu\u011fumuz tutkuyla ba\u015flad\u0131. <\/span><b>Kadim bilgelikten ve \u00e7a\u011fda\u015f s\u00fcrd\u00fcr\u00fclebilirlik anlay\u0131\u015f\u0131ndan<\/b><span style=\"font-weight: 400;\"> ilham alarak <\/span><b>hem<\/b> <b>insanlara hem de gezegenimize<\/b><span style=\"font-weight: 400;\"> sayg\u0131l\u0131 \u00fcr\u00fcnler \u00fcretmenin hayali ile yola \u00e7\u0131kt\u0131k.<\/span><\/p><p><b>Her bir bile\u015fenimiz, <\/b><span style=\"font-weight: 400;\">g\u00fcne\u015fle y\u0131kanm\u0131\u015f tarlalar\u0131n, v\u0131z\u0131ldayan ar\u0131lar\u0131n, ku\u015faktan ku\u015fa\u011fa aktar\u0131lan k\u00f6kl\u00fc geleneklerin hik\u00e2yesini anlatmaktad\u0131r. Bizim i\u00e7in <\/span><b>safl\u0131k ve \u015feffafl\u0131k<\/b><span style=\"font-weight: 400;\"> sadece bir s\u00f6z de\u011fil, bir <\/span><b>ilkedir<\/b><span style=\"font-weight: 400;\">. Elinize ula\u015fan her \u00fcr\u00fcn, <\/span><b>do\u011fan\u0131n en saf \u00f6z\u00fcn\u00fc<\/b><span style=\"font-weight: 400;\"> ta\u015f\u0131yan bir par\u00e7ad\u0131r.<\/span><\/p><p><b>House of Hunny<\/b><span style=\"font-weight: 400;\">, bereketli <\/span><b>\u0130znik Derbent K\u00f6y\u00fc<\/b><span style=\"font-weight: 400;\"> topraklar\u0131nda hayat bulur. Burada, <\/span><b>ar\u0131lar\u0131m\u0131z<\/b> <b>do\u011fan\u0131n ritmiyle<\/b><span style=\"font-weight: 400;\"> uyum i\u00e7inde \u00e7al\u0131\u015f\u0131rlar.<\/span><\/p><p><span style=\"font-weight: 400;\">T\u00fcrkiye\u2019nin Bursa iline ba\u011fl\u0131 tarihi \u0130znik il\u00e7esindeki <\/span><b>41.5 d\u00f6n\u00fcml\u00fck \u00e7iftli\u011fimizde<\/b><span style=\"font-weight: 400;\">, ar\u0131lar\u0131m\u0131za b\u00fcy\u00fck bir \u00f6zenle bakmaktay\u0131z. G\u00f6l manzaras\u0131n\u0131n b\u00fcy\u00fcleyici g\u00fczelli\u011fiyle \u00e7evrili bu topraklarda, <\/span><b>lavanta \u00e7i\u00e7eklerinin, kendili\u011finden yeti\u015fen yabani bitkilerin, me\u015fe, kestane, \u0131hlamur, ceviz <\/b><span style=\"font-weight: 400;\">ve<\/span><b> \u00e7e\u015fitli meyve a\u011fa\u00e7lar\u0131n\u0131n nektar\u0131yla beslenen ar\u0131lar\u0131m\u0131z<\/b><span style=\"font-weight: 400;\">, do\u011fan\u0131n sundu\u011fu t\u00fcm zenginlikten faydalanmaktad\u0131r.<\/span><\/p><p><span style=\"font-weight: 400;\">Yak\u0131n \u00e7evremizdeki <\/span><b>me\u015fe <\/b><span style=\"font-weight: 400;\">ve<\/span><b> kestane ormanlar\u0131<\/b><span style=\"font-weight: 400;\"> ile do\u011fan\u0131n sundu\u011fu \u00e7e\u015fitli floralar, <\/span><b>ar\u0131lar\u0131m\u0131z i\u00e7in e\u015fsiz bir ya\u015fam alan\u0131<\/b><span style=\"font-weight: 400;\"> olu\u015fturmaktad\u0131r.<\/span><\/p><p><b>Ar\u0131lar\u0131m\u0131z<\/b><span style=\"font-weight: 400;\"> sab\u0131rla, ustal\u0131kla <\/span><b>binlerce \u00e7i\u00e7e\u011fi ziyaret ederek<\/b> <b>do\u011fan\u0131n \u00f6z\u00fcn\u00fc<\/b><span style=\"font-weight: 400;\"> incelikle toplar ve bu \u00f6zenli s\u00fcrecin sonucunda <\/span><b>ortaya \u00e7\u0131kan lezzet, \u00e7iftli\u011fimizdeki k\u0131r \u00e7i\u00e7eklerinin ferah esintisini, lavantan\u0131n zarif dokunu\u015funu, a\u011fa\u00e7lar\u0131n derin aromalar\u0131n\u0131<\/b><span style=\"font-weight: 400;\"> ve <\/span><b>yabani otlar\u0131n karakteristik do\u011fall\u0131\u011f\u0131n\u0131 i\u00e7inde bar\u0131nd\u0131r\u0131r<\/b><span style=\"font-weight: 400;\">. Her bir damla, <\/span><b>do\u011fan\u0131n mucizesini<\/b><span style=\"font-weight: 400;\"> ta\u015f\u0131r; sadece dama\u011f\u0131n\u0131z\u0131 de\u011fil, <\/span><b>ruhunuzu da besler.<\/b><\/p><p><span style=\"font-weight: 400;\">Bal\u0131m\u0131zda <\/span><b>eme\u011fin k\u0131ymeti, do\u011fan\u0131n c\u00f6mertli\u011fi<\/b><span style=\"font-weight: 400;\"> ve ailemizin ku\u015faktan ku\u015fa\u011fa aktard\u0131\u011f\u0131 <\/span><b>bilgelik<\/b><span style=\"font-weight: 400;\"> sakl\u0131d\u0131r.<\/span><\/p><p><b>House of Hunny, sofran\u0131za sa\u011fl\u0131k, mutluluk ve tatl\u0131 bir huzur getirsin.\u00a0<\/b><\/p><p><br \/><br \/><\/p>\t\t\t\t\t\t\t\t<\/div>\n\t\t\t\t<\/div>\n\t\t\t\t<\/div>\n\t\t<div class=\"elementor-element elementor-element-f1062b0 e-con-full e-flex e-con e-child\" data-id=\"f1062b0\" data-element_type=\"container\" data-e-type=\"container\" data-settings=\"{&quot;background_background&quot;:&quot;classic&quot;}\">\n\t\t\t\t<\/div>\n\t\t\t\t\t<\/div>\n\t\t\t\t<\/div>\n\t\t\t\t<\/div>\n\t\t","protected":false},"excerpt":{"rendered":"<p>Yolculu\u011fumuz ve K\u00f6klerimiz Y\u00fcr\u00fcd\u00fc\u011f\u00fcm\u00fcz yol, do\u011faya ve gelene\u011fe derinlemesine k\u00f6k salm\u0131\u015f bir yoldur. Her \u015fey, bedeni ve ruhu besleyen saf,<\/p>\n","protected":false},"author":1,"featured_media":0,"parent":0,"menu_order":20,"comment_status":"closed","ping_status":"closed","template":"","meta":{"footnotes":""},"class_list":["post-34566","page","type-page","status-publish","hentry"],"_links":{"self":[{"href":"https:\/\/house-of-hunny.com\/tr\/wp-json\/wp\/v2\/pages\/34566","targetHints":{"allow":["GET"]}}],"collection":[{"href":"https:\/\/house-of-hunny.com\/tr\/wp-json\/wp\/v2\/pages"}],"about":[{"href":"https:\/\/house-of-hunny.com\/tr\/wp-json\/wp\/v2\/types\/page"}],"author":[{"embeddable":true,"href":"https:\/\/house-of-hunny.com\/tr\/wp-json\/wp\/v2\/users\/1"}],"replies":[{"embeddable":true,"href":"https:\/\/house-of-hunny.com\/tr\/wp-json\/wp\/v2\/comments?post=34566"}],"version-history":[{"count":18,"href":"https:\/\/house-of-hunny.com\/tr\/wp-json\/wp\/v2\/pages\/34566\/revisions"}],"predecessor-version":[{"id":35104,"href":"https:\/\/house-of-hunny.com\/tr\/wp-json\/wp\/v2\/pages\/34566\/revisions\/35104"}],"wp:attachment":[{"href":"https:\/\/house-of-hunny.com\/tr\/wp-json\/wp\/v2\/media?parent=34566"}],"curies":[{"name":"wp","href":"https:\/\/api.w.org\/{rel}","templated":true}]}}